{"id":3332,"date":"2026-01-08T10:02:12","date_gmt":"2026-01-08T09:02:12","guid":{"rendered":"https:\/\/ulisesdesign.com\/?page_id=3332"},"modified":"2026-01-08T13:22:06","modified_gmt":"2026-01-08T12:22:06","slug":"metodo-2","status":"publish","type":"page","link":"https:\/\/ulisesdesign.com\/en\/metodo-2\/","title":{"rendered":"M\u00e9todo"},"content":{"rendered":"<div data-elementor-type=\"wp-page\" data-elementor-id=\"3332\" class=\"elementor elementor-3332\" data-elementor-post-type=\"page\">\n\t\t\t\t<div class=\"elementor-element elementor-element-e069132 e-flex e-con-boxed e-con e-parent\" data-id=\"e069132\" data-element_type=\"container\" data-e-type=\"container\">\n\t\t\t\t\t<div class=\"e-con-inner\">\n\t\t\t\t<div class=\"elementor-element elementor-element-c48a454 elementor-widget elementor-widget-heading\" data-id=\"c48a454\" data-element_type=\"widget\" data-e-type=\"widget\" data-widget_type=\"heading.default\">\n\t\t\t\t\t<h2 class=\"elementor-heading-title elementor-size-default\">01 Method<\/h2>\t\t\t\t<\/div>\n\t\t\t\t<div class=\"elementor-element elementor-element-bae6c7d elementor-widget elementor-widget-text-editor\" data-id=\"bae6c7d\" data-element_type=\"widget\" data-e-type=\"widget\" data-widget_type=\"text-editor.default\">\n\t\t\t\t\t\t\t\t\t<p>We design around the domino effect: every technical decision automatically triggers the calculations and the quote. No friction, no stopping halfway, no manually pushing data from one programme to another. Move the first piece, and the rest of the process takes care of itself.<\/p><p>We call it the Ulises Method.<\/p>\t\t\t\t\t\t\t\t<\/div>\n\t\t\t\t\t<\/div>\n\t\t\t\t<\/div>\n\t\t\t\t<\/div>","protected":false},"excerpt":{"rendered":"<p>Con el M\u00e9todo Ulises cada decisi\u00f3n t\u00e9cnica desencadena autom\u00e1ticamente el c\u00e1lculo y el presupuesto. R\u00e1pido, \u00e1gil e intuitivo.<\/p>","protected":false},"author":2,"featured_media":0,"parent":0,"menu_order":0,"comment_status":"closed","ping_status":"closed","template":"","meta":{"footnotes":""},"class_list":["post-3332","page","type-page","status-publish","hentry"],"_links":{"self":[{"href":"https:\/\/ulisesdesign.com\/en\/wp-json\/wp\/v2\/pages\/3332","targetHints":{"allow":["GET"]}}],"collection":[{"href":"https:\/\/ulisesdesign.com\/en\/wp-json\/wp\/v2\/pages"}],"about":[{"href":"https:\/\/ulisesdesign.com\/en\/wp-json\/wp\/v2\/types\/page"}],"author":[{"embeddable":true,"href":"https:\/\/ulisesdesign.com\/en\/wp-json\/wp\/v2\/users\/2"}],"replies":[{"embeddable":true,"href":"https:\/\/ulisesdesign.com\/en\/wp-json\/wp\/v2\/comments?post=3332"}],"version-history":[{"count":27,"href":"https:\/\/ulisesdesign.com\/en\/wp-json\/wp\/v2\/pages\/3332\/revisions"}],"predecessor-version":[{"id":3481,"href":"https:\/\/ulisesdesign.com\/en\/wp-json\/wp\/v2\/pages\/3332\/revisions\/3481"}],"wp:attachment":[{"href":"https:\/\/ulisesdesign.com\/en\/wp-json\/wp\/v2\/media?parent=3332"}],"curies":[{"name":"wp","href":"https:\/\/api.w.org\/{rel}","templated":true}]}}