{"id":3609,"date":"2026-02-02T09:59:05","date_gmt":"2026-02-02T08:59:05","guid":{"rendered":"https:\/\/ulisesdesign.com\/?page_id=3609"},"modified":"2026-02-02T11:19:19","modified_gmt":"2026-02-02T10:19:19","slug":"manifesto","status":"publish","type":"page","link":"https:\/\/ulisesdesign.com\/en\/manifesto\/","title":{"rendered":"Manifesto"},"content":{"rendered":"\t\t<div data-elementor-type=\"wp-page\" data-elementor-id=\"3609\" class=\"elementor elementor-3609\" data-elementor-post-type=\"page\">\n\t\t\t\t<div class=\"elementor-element elementor-element-3388307 e-con-full e-flex e-con e-parent\" data-id=\"3388307\" data-element_type=\"container\" data-e-type=\"container\">\n\t\t<div class=\"elementor-element elementor-element-eb93d9e e-flex e-con-boxed e-con e-child\" data-id=\"eb93d9e\" data-element_type=\"container\" data-e-type=\"container\">\n\t\t\t\t\t<div class=\"e-con-inner\">\n\t\t\t\t<div class=\"elementor-element elementor-element-e5ac51a elementor-widget elementor-widget-heading\" data-id=\"e5ac51a\" data-element_type=\"widget\" data-e-type=\"widget\" data-widget_type=\"heading.default\">\n\t\t\t\t\t<h2 class=\"elementor-heading-title elementor-size-default\">02 Manifesto<\/h2>\t\t\t\t<\/div>\n\t\t\t\t<div class=\"elementor-element elementor-element-ef945bf elementor-widget elementor-widget-text-editor\" data-id=\"ef945bf\" data-element_type=\"widget\" data-e-type=\"widget\" data-widget_type=\"text-editor.default\">\n\t\t\t\t\t\t\t\t\t<p style=\"caret-color: #000000; color: #000000;\" data-start=\"307\" data-end=\"431\">Ulises no es una empresa que haga software. Es una forma distinta de entender c\u00f3mo deber\u00eda funcionar el dise\u00f1o de cocinas.<\/p><p style=\"caret-color: #000000; color: #000000;\" data-start=\"433\" data-end=\"701\">Esta p\u00e1gina no habla de qui\u00e9nes somos, sino de\u00a0por qu\u00e9 trabajamos as\u00ed. De las decisiones que tomamos, de lo que cuestionamos y de aquello que no estamos dispuestos a aceptar.<\/p>\t\t\t\t\t\t\t\t<\/div>\n\t\t\t\t\t<\/div>\n\t\t\t\t<\/div>\n\t\t<div class=\"elementor-element elementor-element-9f245ad e-flex e-con-boxed e-con e-child\" data-id=\"9f245ad\" data-element_type=\"container\" data-e-type=\"container\">\n\t\t\t\t\t<div class=\"e-con-inner\">\n\t\t\t\t<div class=\"elementor-element elementor-element-006c71e elementor-widget elementor-widget-text-editor\" data-id=\"006c71e\" data-element_type=\"widget\" data-e-type=\"widget\" data-widget_type=\"text-editor.default\">\n\t\t\t\t\t\t\t\t\t<p data-start=\"1293\" data-end=\"1425\">Dise\u00f1ar una cocina no deber\u00eda ser un rompecabezas.<br data-start=\"1343\" data-end=\"1346\" \/>Ni exigir m\u00faltiples programas, procesos inconexos y correcciones interminables.<\/p><p data-start=\"1427\" data-end=\"1645\">Sin embargo, durante a\u00f1os el sector ha normalizado la fragmentaci\u00f3n:<br data-start=\"1495\" data-end=\"1498\" \/>dise\u00f1ar por un lado, presupuestar por otro, renderizar despu\u00e9s<br data-start=\"1560\" data-end=\"1563\" \/>y arreglar errores al final.<br data-start=\"1591\" data-end=\"1594\" \/>Como si el caos fuera parte inevitable del trabajo.<\/p><p data-start=\"1647\" data-end=\"1656\">No lo es.<\/p><p data-start=\"1658\" data-end=\"1844\">El dise\u00f1o es el origen de todo.<br data-start=\"1689\" data-end=\"1692\" \/>Y cuando el origen es s\u00f3lido, el resto del proceso deber\u00eda fluir sin fricci\u00f3n.<br data-start=\"1770\" data-end=\"1773\" \/>Sin traducciones.<br data-start=\"1790\" data-end=\"1793\" \/>Sin parches.<br data-start=\"1805\" data-end=\"1808\" \/>Sin p\u00e9rdidas de tiempo innecesarias.<\/p><p data-start=\"1846\" data-end=\"1981\">Ulises parte de una convicci\u00f3n clara:<br data-start=\"1883\" data-end=\"1886\" \/><strong data-start=\"1886\" data-end=\"1928\">todo lo necesario ya est\u00e1 en el dise\u00f1o<\/strong>.<br data-start=\"1929\" data-end=\"1932\" \/>Solo hay que saber estructurarlo y automatizarlo.<\/p><p data-start=\"1983\" data-end=\"2084\">Por eso no nos limitamos a mejorar una parte del proceso.<br data-start=\"2040\" data-end=\"2043\" \/>Decidimos cuestionar el sistema completo.<\/p><p data-start=\"2086\" data-end=\"2275\">Ulises no est\u00e1 pensado para atajos.<br data-start=\"2121\" data-end=\"2124\" \/>Est\u00e1 pensado para quienes entienden que el control total<br data-start=\"2180\" data-end=\"2183\" \/>no es un lujo, sino una herramienta para trabajar mejor:<br data-start=\"2239\" data-end=\"2242\" \/>con m\u00e1s criterio y menos errores.<\/p><p data-start=\"2277\" data-end=\"2370\">Creemos en la precisi\u00f3n.<br data-start=\"2301\" data-end=\"2304\" \/>En la coherencia.<br data-start=\"2321\" data-end=\"2324\" \/>En los procesos bien pensados desde el inicio.<\/p><p data-start=\"2372\" data-end=\"2480\">Porque el futuro del dise\u00f1o de cocinas<br data-start=\"2410\" data-end=\"2413\" \/>no pasa por sumar herramientas,<br data-start=\"2444\" data-end=\"2447\" \/>sino por eliminar lo innecesario.<\/p>\t\t\t\t\t\t\t\t<\/div>\n\t\t\t\t\t<\/div>\n\t\t\t\t<\/div>\n\t\t<div class=\"elementor-element elementor-element-aaabfec e-con-full e-flex e-con e-child\" data-id=\"aaabfec\" data-element_type=\"container\" data-e-type=\"container\" data-settings=\"{&quot;background_background&quot;:&quot;classic&quot;}\">\n\t\t\t\t<div class=\"elementor-element elementor-element-862fcad elementor-widget elementor-widget-text-editor\" data-id=\"862fcad\" data-element_type=\"widget\" data-e-type=\"widget\" data-widget_type=\"text-editor.default\">\n\t\t\t\t\t\t\t\t\t<p data-start=\"1015\" data-end=\"1164\">Llevamos m\u00e1s de 40 a\u00f1os dise\u00f1ando, fabricando e instalando cocinas.<br data-start=\"1082\" data-end=\"1085\" \/>Conocemos el oficio desde dentro: el taller, los planos y los problemas reales.<\/p><p data-start=\"1166\" data-end=\"1259\">Ulises naci\u00f3 porque no exist\u00eda un software que trabajara como nosotros.<br data-start=\"1237\" data-end=\"1240\" \/>As\u00ed que lo creamos.<\/p>\t\t\t\t\t\t\t\t<\/div>\n\t\t\t\t<\/div>\n\t\t<div class=\"elementor-element elementor-element-da9854c e-flex e-con-boxed e-con e-child\" data-id=\"da9854c\" data-element_type=\"container\" data-e-type=\"container\" data-settings=\"{&quot;background_background&quot;:&quot;classic&quot;,&quot;sticky&quot;:&quot;top&quot;,&quot;sticky_on&quot;:[&quot;desktop&quot;,&quot;laptop&quot;,&quot;tablet&quot;,&quot;mobile&quot;],&quot;sticky_offset&quot;:0,&quot;sticky_effects_offset&quot;:0,&quot;sticky_anchor_link_offset&quot;:0}\">\n\t\t\t\t\t<div class=\"e-con-inner\">\n\t\t<div class=\"elementor-element elementor-element-874a5e1 e-grid e-con-boxed e-con e-child\" data-id=\"874a5e1\" data-element_type=\"container\" data-e-type=\"container\" data-settings=\"{&quot;sticky&quot;:&quot;top&quot;,&quot;background_background&quot;:&quot;classic&quot;,&quot;sticky_on&quot;:[&quot;desktop&quot;,&quot;laptop&quot;,&quot;tablet&quot;,&quot;mobile&quot;],&quot;sticky_offset&quot;:0,&quot;sticky_effects_offset&quot;:0,&quot;sticky_anchor_link_offset&quot;:0}\">\n\t\t\t\t\t<div class=\"e-con-inner\">\n\t\t<div class=\"elementor-element elementor-element-06b2fca e-con-full e-flex e-con e-child\" data-id=\"06b2fca\" data-element_type=\"container\" data-e-type=\"container\">\n\t\t\t\t<div class=\"elementor-element elementor-element-83a70eb elementor-widget elementor-widget-image\" data-id=\"83a70eb\" data-element_type=\"widget\" data-e-type=\"widget\" data-widget_type=\"image.default\">\n\t\t\t\t\t\t\t\t\t\t\t\t\t\t\t<img fetchpriority=\"high\" decoding=\"async\" width=\"1200\" height=\"1201\" src=\"https:\/\/ulisesdesign.com\/wp-content\/uploads\/2025\/10\/IMG_1856-2.jpg\" class=\"attachment-2048x2048 size-2048x2048 wp-image-3246\" alt=\"Software de dise\u00f1o de cocinas\" srcset=\"https:\/\/ulisesdesign.com\/wp-content\/uploads\/2025\/10\/IMG_1856-2.jpg 1200w, https:\/\/ulisesdesign.com\/wp-content\/uploads\/2025\/10\/IMG_1856-2-300x300.jpg 300w, https:\/\/ulisesdesign.com\/wp-content\/uploads\/2025\/10\/IMG_1856-2-1024x1024.jpg 1024w, https:\/\/ulisesdesign.com\/wp-content\/uploads\/2025\/10\/IMG_1856-2-150x150.jpg 150w, https:\/\/ulisesdesign.com\/wp-content\/uploads\/2025\/10\/IMG_1856-2-768x769.jpg 768w, https:\/\/ulisesdesign.com\/wp-content\/uploads\/2025\/10\/IMG_1856-2-12x12.webp 12w\" sizes=\"(max-width: 1200px) 100vw, 1200px\" title=\"Software de dise\u00f1o de cocinas\">\t\t\t\t\t\t\t\t\t\t\t\t\t\t\t<\/div>\n\t\t\t\t<\/div>\n\t\t<div class=\"elementor-element elementor-element-d144495 e-con-full e-flex e-con e-child\" data-id=\"d144495\" data-element_type=\"container\" data-e-type=\"container\">\n\t\t\t\t<div class=\"elementor-element elementor-element-94ed53b elementor-widget elementor-widget-heading\" data-id=\"94ed53b\" data-element_type=\"widget\" data-e-type=\"widget\" data-widget_type=\"heading.default\">\n\t\t\t\t\t<h4 class=\"elementor-heading-title elementor-size-default\">VICTOR CARRO<\/h4>\t\t\t\t<\/div>\n\t\t\t\t<div class=\"elementor-element elementor-element-5c6ae89 elementor-widget elementor-widget-heading\" data-id=\"5c6ae89\" data-element_type=\"widget\" data-e-type=\"widget\" data-widget_type=\"heading.default\">\n\t\t\t\t\t<h4 class=\"elementor-heading-title elementor-size-default\">Fundador y CEO<\/h4>\t\t\t\t<\/div>\n\t\t\t\t<div class=\"elementor-element elementor-element-03a3c4b elementor-widget elementor-widget-text-editor\" data-id=\"03a3c4b\" data-element_type=\"widget\" data-e-type=\"widget\" data-widget_type=\"text-editor.default\">\n\t\t\t\t\t\t\t\t\t<p data-start=\"211\" data-end=\"346\">Hijo y nieto de carpinteros, V\u00edctor empez\u00f3 en el taller familiar y con los a\u00f1os fue dando forma a una manera m\u00e1s eficiente de trabajar.<\/p>\n<p data-start=\"348\" data-end=\"523\">Apasionado de la inform\u00e1tica y perfeccionista por naturaleza, desarroll\u00f3 Ulises como una herramienta interna para agilizar procesos y reducir errores en su propia carpinter\u00eda.<\/p>\n<p data-start=\"525\" data-end=\"626\">Hoy lidera el proyecto con la misma mentalidad con la que empez\u00f3: mejorar cada detalle, sin descanso.<\/p>\t\t\t\t\t\t\t\t<\/div>\n\t\t\t\t<\/div>\n\t\t\t\t\t<\/div>\n\t\t\t\t<\/div>\n\t\t\t\t\t<\/div>\n\t\t\t\t<\/div>\n\t\t<div class=\"elementor-element elementor-element-bfffb1a e-flex e-con-boxed e-con e-child\" data-id=\"bfffb1a\" data-element_type=\"container\" data-e-type=\"container\" data-settings=\"{&quot;background_background&quot;:&quot;classic&quot;,&quot;sticky&quot;:&quot;top&quot;,&quot;sticky_offset&quot;:30,&quot;sticky_on&quot;:[&quot;desktop&quot;,&quot;laptop&quot;,&quot;tablet&quot;,&quot;mobile&quot;],&quot;sticky_effects_offset&quot;:0,&quot;sticky_anchor_link_offset&quot;:0}\">\n\t\t\t\t\t<div class=\"e-con-inner\">\n\t\t<div class=\"elementor-element elementor-element-5c8c49d e-grid e-con-boxed e-con e-child\" data-id=\"5c8c49d\" data-element_type=\"container\" data-e-type=\"container\" data-settings=\"{&quot;sticky&quot;:&quot;top&quot;,&quot;background_background&quot;:&quot;classic&quot;,&quot;sticky_on&quot;:[&quot;desktop&quot;,&quot;laptop&quot;,&quot;tablet&quot;,&quot;mobile&quot;],&quot;sticky_offset&quot;:0,&quot;sticky_effects_offset&quot;:0,&quot;sticky_anchor_link_offset&quot;:0}\">\n\t\t\t\t\t<div class=\"e-con-inner\">\n\t\t<div class=\"elementor-element elementor-element-f4113ac e-con-full e-flex e-con e-child\" data-id=\"f4113ac\" data-element_type=\"container\" data-e-type=\"container\">\n\t\t\t\t<div class=\"elementor-element elementor-element-888e9e5 elementor-widget elementor-widget-image\" data-id=\"888e9e5\" data-element_type=\"widget\" data-e-type=\"widget\" data-widget_type=\"image.default\">\n\t\t\t\t\t\t\t\t\t\t\t\t\t\t\t<img decoding=\"async\" width=\"640\" height=\"640\" src=\"https:\/\/ulisesdesign.com\/wp-content\/uploads\/2025\/07\/luthfi-alfarizi-jlJpDBK17Hw-unsplash-2.jpg\" class=\"attachment-2048x2048 size-2048x2048 wp-image-3172\" alt=\"Software de dise\u00f1o de cocinas\" srcset=\"https:\/\/ulisesdesign.com\/wp-content\/uploads\/2025\/07\/luthfi-alfarizi-jlJpDBK17Hw-unsplash-2.jpg 640w, https:\/\/ulisesdesign.com\/wp-content\/uploads\/2025\/07\/luthfi-alfarizi-jlJpDBK17Hw-unsplash-2-300x300.jpg 300w, https:\/\/ulisesdesign.com\/wp-content\/uploads\/2025\/07\/luthfi-alfarizi-jlJpDBK17Hw-unsplash-2-150x150.jpg 150w, https:\/\/ulisesdesign.com\/wp-content\/uploads\/2025\/07\/luthfi-alfarizi-jlJpDBK17Hw-unsplash-2-12x12.webp 12w\" sizes=\"(max-width: 640px) 100vw, 640px\" title=\"Software de dise\u00f1o de cocinas\">\t\t\t\t\t\t\t\t\t\t\t\t\t\t\t<\/div>\n\t\t\t\t<\/div>\n\t\t<div class=\"elementor-element elementor-element-fb20a73 e-con-full e-flex e-con e-child\" data-id=\"fb20a73\" data-element_type=\"container\" data-e-type=\"container\">\n\t\t\t\t<div class=\"elementor-element elementor-element-4d7cd19 elementor-widget elementor-widget-heading\" data-id=\"4d7cd19\" data-element_type=\"widget\" data-e-type=\"widget\" data-widget_type=\"heading.default\">\n\t\t\t\t\t<h4 class=\"elementor-heading-title elementor-size-default\">ALFREDO D\u00cdAZ<\/h4>\t\t\t\t<\/div>\n\t\t\t\t<div class=\"elementor-element elementor-element-199d5a2 elementor-widget elementor-widget-heading\" data-id=\"199d5a2\" data-element_type=\"widget\" data-e-type=\"widget\" data-widget_type=\"heading.default\">\n\t\t\t\t\t<h4 class=\"elementor-heading-title elementor-size-default\">Socio y Desarrollador Informatico<\/h4>\t\t\t\t<\/div>\n\t\t\t\t<div class=\"elementor-element elementor-element-bcfa1ec elementor-widget elementor-widget-text-editor\" data-id=\"bcfa1ec\" data-element_type=\"widget\" data-e-type=\"widget\" data-widget_type=\"text-editor.default\">\n\t\t\t\t\t\t\t\t\t<p data-start=\"266\" data-end=\"490\">Con formaci\u00f3n en inform\u00e1tica y ADE, trabaj\u00f3 durante 7 a\u00f1os como director de inform\u00e1tica en una f\u00e1brica de cocinas y m\u00e1s de 15 a\u00f1os como CEO en Ofim\u00e1tica Lugo.<\/p><p data-start=\"492\" data-end=\"641\">Desde 2023, lidera la arquitectura, el desarrollo y la optimizaci\u00f3n continua del software. Su enfoque combina rigor t\u00e9cnico y experiencia en gesti\u00f3n.<\/p><p data-start=\"643\" data-end=\"718\">Gracias a \u00e9l, Ulises no solo funciona: escala, se adapta y mejora cada d\u00eda.<\/p>\t\t\t\t\t\t\t\t<\/div>\n\t\t\t\t<\/div>\n\t\t\t\t\t<\/div>\n\t\t\t\t<\/div>\n\t\t\t\t\t<\/div>\n\t\t\t\t<\/div>\n\t\t<div class=\"elementor-element elementor-element-fd9b689 e-flex e-con-boxed e-con e-child\" data-id=\"fd9b689\" data-element_type=\"container\" data-e-type=\"container\" data-settings=\"{&quot;background_background&quot;:&quot;classic&quot;,&quot;sticky&quot;:&quot;top&quot;,&quot;sticky_offset&quot;:60,&quot;sticky_on&quot;:[&quot;desktop&quot;,&quot;laptop&quot;,&quot;tablet&quot;,&quot;mobile&quot;],&quot;sticky_effects_offset&quot;:0,&quot;sticky_anchor_link_offset&quot;:0}\">\n\t\t\t\t\t<div class=\"e-con-inner\">\n\t\t<div class=\"elementor-element elementor-element-ca65c46 e-grid e-con-boxed e-con e-child\" data-id=\"ca65c46\" data-element_type=\"container\" data-e-type=\"container\" data-settings=\"{&quot;sticky&quot;:&quot;top&quot;,&quot;background_background&quot;:&quot;classic&quot;,&quot;sticky_on&quot;:[&quot;desktop&quot;,&quot;laptop&quot;,&quot;tablet&quot;,&quot;mobile&quot;],&quot;sticky_offset&quot;:0,&quot;sticky_effects_offset&quot;:0,&quot;sticky_anchor_link_offset&quot;:0}\">\n\t\t\t\t\t<div class=\"e-con-inner\">\n\t\t<div class=\"elementor-element elementor-element-1771e0c e-con-full e-flex e-con e-child\" data-id=\"1771e0c\" data-element_type=\"container\" data-e-type=\"container\">\n\t\t\t\t<div class=\"elementor-element elementor-element-83208e5 elementor-widget elementor-widget-image\" data-id=\"83208e5\" data-element_type=\"widget\" data-e-type=\"widget\" data-widget_type=\"image.default\">\n\t\t\t\t\t\t\t\t\t\t\t\t\t\t\t<img decoding=\"async\" width=\"666\" height=\"666\" src=\"https:\/\/ulisesdesign.com\/wp-content\/uploads\/2025\/07\/PHOTO-2025-07-14-13-51-35.jpeg\" class=\"attachment-2048x2048 size-2048x2048 wp-image-3204\" alt=\"Software de dise\u00f1o de cocinas\" srcset=\"https:\/\/ulisesdesign.com\/wp-content\/uploads\/2025\/07\/PHOTO-2025-07-14-13-51-35.jpeg 666w, https:\/\/ulisesdesign.com\/wp-content\/uploads\/2025\/07\/PHOTO-2025-07-14-13-51-35-300x300.jpeg 300w, https:\/\/ulisesdesign.com\/wp-content\/uploads\/2025\/07\/PHOTO-2025-07-14-13-51-35-150x150.jpeg 150w, https:\/\/ulisesdesign.com\/wp-content\/uploads\/2025\/07\/PHOTO-2025-07-14-13-51-35-12x12.webp 12w\" sizes=\"(max-width: 666px) 100vw, 666px\" title=\"Software de dise\u00f1o de cocinas\">\t\t\t\t\t\t\t\t\t\t\t\t\t\t\t<\/div>\n\t\t\t\t<\/div>\n\t\t<div class=\"elementor-element elementor-element-09f7f5d e-con-full e-flex e-con e-child\" data-id=\"09f7f5d\" data-element_type=\"container\" data-e-type=\"container\">\n\t\t\t\t<div class=\"elementor-element elementor-element-376000a elementor-widget elementor-widget-heading\" data-id=\"376000a\" data-element_type=\"widget\" data-e-type=\"widget\" data-widget_type=\"heading.default\">\n\t\t\t\t\t<h4 class=\"elementor-heading-title elementor-size-default\">ALBERTO L\u00d3PEZ<\/h4>\t\t\t\t<\/div>\n\t\t\t\t<div class=\"elementor-element elementor-element-3e9e513 elementor-widget elementor-widget-heading\" data-id=\"3e9e513\" data-element_type=\"widget\" data-e-type=\"widget\" data-widget_type=\"heading.default\">\n\t\t\t\t\t<h4 class=\"elementor-heading-title elementor-size-default\">Director de Operaciones<\/h4>\t\t\t\t<\/div>\n\t\t\t\t<div class=\"elementor-element elementor-element-2e03096 elementor-widget elementor-widget-text-editor\" data-id=\"2e03096\" data-element_type=\"widget\" data-e-type=\"widget\" data-widget_type=\"text-editor.default\">\n\t\t\t\t\t\t\t\t\t<p data-start=\"234\" data-end=\"381\">Con m\u00e1s de 35 a\u00f1os de experiencia en el dise\u00f1o y la fabricaci\u00f3n de muebles, Alberto aporta una visi\u00f3n creativa y operativa al desarrollo de Ulises.<\/p><p data-start=\"383\" data-end=\"562\">Ha trabajado en todas las fases del proceso, desde el dise\u00f1o inicial hasta la mejora de flujos de trabajo, siempre con un enfoque en integrar funcionalidad, est\u00e9tica y eficiencia.<\/p><p data-start=\"564\" data-end=\"724\">En Ulises colabora en el crecimiento de marca, la estrategia comercial y la conexi\u00f3n con el sector, ayudando a convertir ideas en soluciones reales y duraderas.<\/p>\t\t\t\t\t\t\t\t<\/div>\n\t\t\t\t<\/div>\n\t\t\t\t\t<\/div>\n\t\t\t\t<\/div>\n\t\t\t\t\t<\/div>\n\t\t\t\t<\/div>\n\t\t<div class=\"elementor-element elementor-element-d0fc428 e-flex e-con-boxed e-con e-child\" data-id=\"d0fc428\" data-element_type=\"container\" data-e-type=\"container\" data-settings=\"{&quot;background_background&quot;:&quot;classic&quot;,&quot;sticky&quot;:&quot;top&quot;,&quot;sticky_offset&quot;:90,&quot;sticky_on&quot;:[&quot;desktop&quot;,&quot;laptop&quot;,&quot;tablet&quot;,&quot;mobile&quot;],&quot;sticky_effects_offset&quot;:0,&quot;sticky_anchor_link_offset&quot;:0}\">\n\t\t\t\t\t<div class=\"e-con-inner\">\n\t\t<div class=\"elementor-element elementor-element-99c47e1 e-grid e-con-boxed e-con e-child\" data-id=\"99c47e1\" data-element_type=\"container\" data-e-type=\"container\" data-settings=\"{&quot;sticky&quot;:&quot;top&quot;,&quot;background_background&quot;:&quot;classic&quot;,&quot;sticky_on&quot;:[&quot;desktop&quot;,&quot;laptop&quot;,&quot;tablet&quot;,&quot;mobile&quot;],&quot;sticky_offset&quot;:0,&quot;sticky_effects_offset&quot;:0,&quot;sticky_anchor_link_offset&quot;:0}\">\n\t\t\t\t\t<div class=\"e-con-inner\">\n\t\t<div class=\"elementor-element elementor-element-12c287e e-con-full e-flex e-con e-child\" data-id=\"12c287e\" data-element_type=\"container\" data-e-type=\"container\">\n\t\t\t\t<div class=\"elementor-element elementor-element-8a9ebcc elementor-widget elementor-widget-image\" data-id=\"8a9ebcc\" data-element_type=\"widget\" data-e-type=\"widget\" data-widget_type=\"image.default\">\n\t\t\t\t\t\t\t\t\t\t\t\t\t\t\t<img loading=\"lazy\" decoding=\"async\" width=\"640\" height=\"640\" src=\"https:\/\/ulisesdesign.com\/wp-content\/uploads\/2025\/07\/IMG_1309.jpg\" class=\"attachment-2048x2048 size-2048x2048 wp-image-3187\" alt=\"Software de dise\u00f1o de cocinas\" srcset=\"https:\/\/ulisesdesign.com\/wp-content\/uploads\/2025\/07\/IMG_1309.jpg 640w, https:\/\/ulisesdesign.com\/wp-content\/uploads\/2025\/07\/IMG_1309-300x300.jpg 300w, https:\/\/ulisesdesign.com\/wp-content\/uploads\/2025\/07\/IMG_1309-150x150.jpg 150w, https:\/\/ulisesdesign.com\/wp-content\/uploads\/2025\/07\/IMG_1309-12x12.webp 12w\" sizes=\"(max-width: 640px) 100vw, 640px\" title=\"Software de dise\u00f1o de cocinas\">\t\t\t\t\t\t\t\t\t\t\t\t\t\t\t<\/div>\n\t\t\t\t<\/div>\n\t\t<div class=\"elementor-element elementor-element-7008c3d e-con-full e-flex e-con e-child\" data-id=\"7008c3d\" data-element_type=\"container\" data-e-type=\"container\">\n\t\t\t\t<div class=\"elementor-element elementor-element-60f9fee elementor-widget elementor-widget-heading\" data-id=\"60f9fee\" data-element_type=\"widget\" data-e-type=\"widget\" data-widget_type=\"heading.default\">\n\t\t\t\t\t<h4 class=\"elementor-heading-title elementor-size-default\">SAMUEL CARRO<\/h4>\t\t\t\t<\/div>\n\t\t\t\t<div class=\"elementor-element elementor-element-0badbc2 elementor-widget elementor-widget-heading\" data-id=\"0badbc2\" data-element_type=\"widget\" data-e-type=\"widget\" data-widget_type=\"heading.default\">\n\t\t\t\t\t<h4 class=\"elementor-heading-title elementor-size-default\">Direcci\u00f3n Creativa y Estrategia de Marca<\/h4>\t\t\t\t<\/div>\n\t\t\t\t<div class=\"elementor-element elementor-element-3c6dcd2 elementor-widget elementor-widget-text-editor\" data-id=\"3c6dcd2\" data-element_type=\"widget\" data-e-type=\"widget\" data-widget_type=\"text-editor.default\">\n\t\t\t\t\t\t\t\t\t<p data-start=\"484\" data-end=\"663\">Responsable de la identidad visual y del desarrollo estrat\u00e9gico de Ulises Design. Samuel coordina el dise\u00f1o de la marca, la experiencia digital y la narrativa global del proyecto.<\/p><p data-start=\"665\" data-end=\"787\">Con formaci\u00f3n en dise\u00f1o y una mirada exigente por naturaleza, aporta estructura, criterio est\u00e9tico y visi\u00f3n a largo plazo.<\/p><p data-start=\"789\" data-end=\"910\">Forma parte de la segunda generaci\u00f3n detr\u00e1s de Ulises, con el foco puesto en hacer de la marca una referencia del sector.<\/p>\t\t\t\t\t\t\t\t<\/div>\n\t\t\t\t<\/div>\n\t\t\t\t\t<\/div>\n\t\t\t\t<\/div>\n\t\t\t\t\t<\/div>\n\t\t\t\t<\/div>\n\t\t\t\t<\/div>\n\t\t\t\t<\/div>\n\t\t","protected":false},"excerpt":{"rendered":"<p>02 Manifesto Ulises no es una empresa que haga software. Es una forma distinta de entender c\u00f3mo deber\u00eda funcionar el dise\u00f1o de cocinas. Esta p\u00e1gina no habla de qui\u00e9nes somos, sino de\u00a0por qu\u00e9 trabajamos as\u00ed. De las decisiones que tomamos, de lo que cuestionamos y de aquello que no estamos dispuestos a aceptar. Dise\u00f1ar una [&hellip;]<\/p>\n","protected":false},"author":2,"featured_media":0,"parent":0,"menu_order":0,"comment_status":"closed","ping_status":"closed","template":"","meta":{"footnotes":""},"class_list":["post-3609","page","type-page","status-publish","hentry"],"_links":{"self":[{"href":"https:\/\/ulisesdesign.com\/en\/wp-json\/wp\/v2\/pages\/3609","targetHints":{"allow":["GET"]}}],"collection":[{"href":"https:\/\/ulisesdesign.com\/en\/wp-json\/wp\/v2\/pages"}],"about":[{"href":"https:\/\/ulisesdesign.com\/en\/wp-json\/wp\/v2\/types\/page"}],"author":[{"embeddable":true,"href":"https:\/\/ulisesdesign.com\/en\/wp-json\/wp\/v2\/users\/2"}],"replies":[{"embeddable":true,"href":"https:\/\/ulisesdesign.com\/en\/wp-json\/wp\/v2\/comments?post=3609"}],"version-history":[{"count":55,"href":"https:\/\/ulisesdesign.com\/en\/wp-json\/wp\/v2\/pages\/3609\/revisions"}],"predecessor-version":[{"id":3667,"href":"https:\/\/ulisesdesign.com\/en\/wp-json\/wp\/v2\/pages\/3609\/revisions\/3667"}],"wp:attachment":[{"href":"https:\/\/ulisesdesign.com\/en\/wp-json\/wp\/v2\/media?parent=3609"}],"curies":[{"name":"wp","href":"https:\/\/api.w.org\/{rel}","templated":true}]}}